{"id":33,"date":"2020-12-14T15:59:30","date_gmt":"2020-12-14T14:59:30","guid":{"rendered":"http:\/\/ants.de\/info\/?page_id=33"},"modified":"2020-12-14T15:59:30","modified_gmt":"2020-12-14T14:59:30","slug":"impressum","status":"publish","type":"page","link":"https:\/\/ants.de\/info\/impressum\/","title":{"rendered":"Impressum"},"content":{"rendered":"\n<p>ANTSTORE, Martin Sebesta<br>Selerweg 41<br>D-12169 Berlin<br><br>Tel.: 030 766 870 -51<br>Fax: 030 766 870 -54<br>Email: verkauf (at) antstore . de<br><br>Ust-IdNr.: DE215167549<br><br>WEEE-Reg.-Nr. DE 54590387<br><br>Inhaltlich Verantwortlicher i.S.d. \u00a7 55 Abs. 2 RStV:: Martin Sebesta (siehe oben)<br><br>Wir sind verpflichtet, Sie dar\u00fcber zu informieren, dass im Hinblick auf die sog. Online-Streitbeilegung seitens der Europ\u00e4ischen Kommission eine entsprechende Online-Plattform bereitgehalten wird. Diese Plattform k\u00f6nnen Sie unter folgendem Link abrufen: <a href=\"http:\/\/ec.europa.eu\/consumers\/odr\" target=\"_blank\" rel=\"noreferrer noopener\">http:\/\/ec.europa.eu\/consumers\/odr.<\/a> In diesem Zusammenhang sind wir dar\u00fcber hinaus verpflichtet, Ihnen unsere E-Mail-Adresse mitzuteilen. Diese lautet: verkauf (at) antstore . net<br>&nbsp;<\/p>\n\n\n\n<h2 class=\"wp-block-heading\">Hinweis zur Benutzung der Webseite<\/h2>\n\n\n\n<p>Das Herunterladen oder Ausdrucken einzelner Seiten und\/oder Teilbereiche unserer Webseiten f\u00fcr den privaten Gebrauch ist gestattet. Das vollst\u00e4ndige oder teilweise Reproduzieren, Verbreiten, \u00dcbermitteln (elektronisch oder auf andere Weise), Modifizieren oder Benutzen dieser Webseite f\u00fcr \u00f6ffentliche oder kommerzielle Zwecke hingegen ist ohne unsere vorherige schriftliche Zustimmung untersagt.<br><br>Die Nutzung f\u00fcr nicht kommerzielle Zwecke und das Bewerben unserer Produkte in lokalen Ladengesch\u00e4ften mittels unserer Produktbilder ist unter folgenden Bedingungen erlaubt:<br><br>Alle Bilder m\u00fcssen mit einer Quellenangabe gekennzeichnet sein! Diese sollte wie folgt aussehen:<br><br>Druckerzeugnisse: Quelle: www.ants.de<br>Internetseiten: Quelle: <a href=\"http:\/\/www.ants.de\" target=\"_blank\" rel=\"noreferrer noopener\">www.ants.de<\/a> (als Link zu <a href=\"https:\/\/www.ants.de\" target=\"_blank\" rel=\"noreferrer noopener\">www.ants.de<\/a>)<br><br>F\u00fcr Onlineshops oder andere kommerzielle Zwecke ist die Verwendung unserer Bilder ohne schriftliche Erlaubnis untersagt!<\/p>\n\n\n\n<h2 class=\"wp-block-heading\">Hinweis zu den Links auf der Webseite<\/h2>\n\n\n\n<p>Soweit mit Links der Zugang zu anderen Websites erm\u00f6glicht wird, sind wir f\u00fcr die dort enthaltenen fremden Inhalte nicht verantwortlich. Wir erkl\u00e4ren ausdr\u00fccklich, dass wir keinerlei Einfluss auf die Gestaltung und die Inhalte dieser Seiten haben und machen uns diese Inhalte nicht zu Eigen.<br><br>Bei Links handelt es sich um &#8222;lebende&#8220; (dynamische) Verweisungen. Wenn wir feststellen, dass ein konkretes Angebot, zu dem wir einen Link bereitgestellt haben, eine zivil- oder strafrechtliche Verantwortlichkeit ausl\u00f6st, werden wir den Verweis auf dieses Angebot aufheben, soweit uns dies technisch m\u00f6glich und zumutbar ist.<\/p>\n","protected":false},"excerpt":{"rendered":"<p>ANTSTORE, Martin SebestaSelerweg 41D-12169 Berlin Tel.: 030 766 870 -51Fax: 030 766 870 -54Email: verkauf (at) antstore . de Ust-IdNr.: DE215167549 WEEE-Reg.-Nr. DE 54590387 Inhaltlich Verantwortlicher i.S.d. \u00a7 55 Abs. 2 RStV:: Martin Sebesta (siehe oben) Wir sind verpflichtet, Sie &hellip;<\/p>\n<p class=\"read-more\"> <a class=\"more-link\" href=\"https:\/\/ants.de\/info\/impressum\/\"> <span class=\"screen-reader-text\">Impressum<\/span> Read More &raquo;<\/a><\/p>\n","protected":false},"author":1,"featured_media":0,"parent":0,"menu_order":0,"comment_status":"closed","ping_status":"closed","template":"","meta":{"footnotes":""},"class_list":["post-33","page","type-page","status-publish","hentry"],"_links":{"self":[{"href":"https:\/\/ants.de\/info\/wp-json\/wp\/v2\/pages\/33","targetHints":{"allow":["GET"]}}],"collection":[{"href":"https:\/\/ants.de\/info\/wp-json\/wp\/v2\/pages"}],"about":[{"href":"https:\/\/ants.de\/info\/wp-json\/wp\/v2\/types\/page"}],"author":[{"embeddable":true,"href":"https:\/\/ants.de\/info\/wp-json\/wp\/v2\/users\/1"}],"replies":[{"embeddable":true,"href":"https:\/\/ants.de\/info\/wp-json\/wp\/v2\/comments?post=33"}],"version-history":[{"count":1,"href":"https:\/\/ants.de\/info\/wp-json\/wp\/v2\/pages\/33\/revisions"}],"predecessor-version":[{"id":42,"href":"https:\/\/ants.de\/info\/wp-json\/wp\/v2\/pages\/33\/revisions\/42"}],"wp:attachment":[{"href":"https:\/\/ants.de\/info\/wp-json\/wp\/v2\/media?parent=33"}],"curies":[{"name":"wp","href":"https:\/\/api.w.org\/{rel}","templated":true}]}}