{"id":36,"date":"2020-12-14T15:56:58","date_gmt":"2020-12-14T14:56:58","guid":{"rendered":"http:\/\/ants.de\/info\/?page_id=36"},"modified":"2020-12-14T15:56:58","modified_gmt":"2020-12-14T14:56:58","slug":"datenschutzerklarung","status":"publish","type":"page","link":"https:\/\/ants.de\/info\/datenschutzerklarung\/","title":{"rendered":"Datenschutzerkl\u00e4rung"},"content":{"rendered":"\n<p>Wir nehmen die Belange des Datenschutzes sehr ernst und m\u00f6chten sicherstellen, dass Ihre Privatsph\u00e4re bei der Nutzung unserer Angebote jederzeit gesch\u00fctzt wird. In der folgenden Datenschutzerkl\u00e4rung m\u00f6chten wir Ihnen daher erl\u00e4utern, wie mit Ihren Daten umgegangen wird.<br>&nbsp;<\/p>\n\n\n\n<h2 class=\"wp-block-heading\">1. Zugriffsdaten ohne Personenbezug<\/h2>\n\n\n\n<p>Um das Angebot unserer Webseite zu verbessern, erheben und speichern wir bestimmmte Zugriffsdaten ohne Personenbezug. Sobald Sie eine Datei von unserer Webseite anfordern, werden standardm\u00e4\u00dfig Zugriffsdaten erhoben und gespeichert.<br><br>Dieser Datensatz besteht unter anderem aus:<br><br>der Seite, von der ausgehend die Datei angefordert wurde,<br>dem Namen der Datei,<br>dem Datum und der Uhrzeit der Anforderung,<br>der Verweildauer,<br>der \u00fcbertragenen Datenmenge,<br>dem Zugriffsstatus (d.h. ob die Datei \u00fcbertragen oder m\u00f6glicherweise nicht gefunden wurde etc.),<br>der IP-Adresse des anfragenden Rechners<br>einer Beschreibung des Typs sowie der Version des verwendeten Webbrowsers,<br>dem installierten Betriebssystem und der eingestellten Aufl\u00f6sung.<br><br>Diese Daten werden zu internen statistischen Zwecken sowie zur technischen Administration der Webseite ausgewertet; eine Weitergabe an Dritte, auch in Ausz\u00fcgen, findet nicht statt. Diese anonymen Daten werden getrennt von den personenbezogenen Datens\u00e4tzen gespeichert und von uns in keinem Fall mit Ihren personenbezogenen Daten in Verbindung gebracht, sodass keine R\u00fcckschl\u00fcsse auf eine bestimmte Person m\u00f6glich sind.<\/p>\n\n\n\n<h2 class=\"wp-block-heading\">2. Erhebung und Speicherung personenbezogener Daten<\/h2>\n\n\n\n<p>Personenbezogene Daten werden von uns nur erhoben, wenn Sie uns diese freiwillig mitteilen. Im Zuge Ihrer Bestellung oder bei Er\u00f6ffnung eines Kundenkontos werden vor allem folgende personenbezogene Daten erhoben: Anrede, Name, Anschrift, E-Mail-Adresse, Telefonnummer. Zus\u00e4tzlich werden bei der Bestellung Zahlungsinformationen wie Bankverbindung oder Kreditkartennummer erhoben.<br><br>Im Zuge einer Kontaktaufnahme per E-Mail werden als personenbezogene Daten stets erhoben: Ihre E-Mail-Adresse.<br><br>Bei der Anmeldung zu unserem Newsletter werden folgende personenbezogene Daten erhoben: Ihre E-Mail-Adresse.<br><br>Bei einer Registrierung f\u00fcr eines unserer Internetforen werden folgende personenbezogene Daten erhoben: E-Mail-Adresse, Geburtsdatum, Land, Geschlecht.<br><br>Die von Ihnen mitgeteilten personenbezogenen Daten werden rechtm\u00e4\u00dfig und entsprechend den Bestimmungen der&nbsp;DS-GVO und des Telemediengesetzes gespeichert. Selbstverst\u00e4ndlich werden Ihre Daten vertraulich behandelt.<\/p>\n\n\n\n<h2 class=\"wp-block-heading\">3. Nutzung personenbezogener Daten<\/h2>\n\n\n\n<p>Ihre personenbezogenen Daten werden ohne Ihre gesonderte Einwilligung allein zur Bestellabwicklung verwendet. F\u00fcr die Lieferung der Ware ist allerdings eine Weitergabe Ihrer Adress- und Kontaktdaten an unsere Paketdienstleister erforderlich. Diese sind verpflichtet, Ihre Daten vertraulich zu behandeln und ausschlie\u00dflich zum Zwecke der Lieferung zu verwenden. F\u00fcr die Zahlungsabwicklung werden Ihre Zahlungsdaten an das beauftragte Kreditinstitut, bei einer Zahlung per PayPal an PayPal (Europe) S.\u00e0 r.l. et Cie, S.C.A. \u00fcbermittelt. Eine dar\u00fcber hinausgehende Weitergabe von personenbezogenen Kundendaten an Dritte findet nicht statt. Jedoch sind wir befugt, den zust\u00e4ndigen Beh\u00f6rden im Einzelfall Auskunft \u00fcber Ihre Daten zu erteilen, soweit diese Ihre Daten zum Zwecke der Erf\u00fcllung der gesetzlichen Befugnisse (z.B. Strafverfolgung) anfordern.<br><br>Ohne Ihre Einwilligung nutzen wir die erhobenen Daten nicht f\u00fcr Zwecke der Werbung, Markt- oder Meinungsforschung.<br><br>Die uns von Ihnen zur Verf\u00fcgung gestellten Daten werden von uns nur solange gespeichert, wie es f\u00fcr die Erf\u00fcllung des jeweiligen Zwecks, f\u00fcr den Sie uns Ihre Daten \u00fcbermittelt haben, oder f\u00fcr die Einhaltung gesetzlicher Bestimmungen erforderlich ist.<\/p>\n\n\n\n<h2 class=\"wp-block-heading\">4. Newsletter<\/h2>\n\n\n\n<p>Bei Bestellung unseres Newsletters erkl\u00e4ren Sie sich damit einverstanden, dass wir Ihre E-Mail-Adresse f\u00fcr eigene Werbezwecke nutzen. Ihre Einwilligung zur Speicherung und zur Nutzung Ihrer E-Mail-Adresse zum Versand des Newsletters k\u00f6nnen Sie jederzeit mit Wirkung f\u00fcr die Zukunft widerrufen, z.B. indem Sie eine E-Mail senden an: verkauf (at) antstore . de oder indem Sie den Newsletter abbestellen.<br><br>Erlaubnis zum Versand des Newsletters<br>\u201eIch m\u00f6chte regelm\u00e4\u00dfig \u00fcber interessante Angebote per E-Mail informiert werden. Diese Einwilligung zur Nutzung meiner E-Mail-Adresse kann ich jederzeit widerrufen.\u201c<\/p>\n\n\n\n<h2 class=\"wp-block-heading\">5. Cookies<\/h2>\n\n\n\n<p>Diese Verkaufsseite verwendet Cookies, um die Bedienung der Webseite zu erleichtern. Cookies sind kleine Textdateien, die Ihr Internet-Browser auf Ihrem Rechner speichert. Rufen Sie die entsprechende Seite erneut auf, erm\u00f6glichen die Cookies eine Wiedererkennung Ihres Rechners. Dies f\u00fchrt z.B. dazu, dass von Ihnen einmal eingegebene Daten bei erneutem Ausf\u00fcllen des Bestellformulars bereitstehen. Zumeist verwenden wir Cookies, die nach Beendigung des Internet-Browsers automatisch von Ihrer Festplatte gel\u00f6scht werden (sog. Session-Cookies). Andere Cookies verbleiben auf Ihrem Rechner, und bewirken, dass wir Ihren Rechner bei Ihrem n\u00e4chsten Besuch wiedererkennen (sog. dauerhafte Cookies). Sie k\u00f6nnen das Speichern von Cookies in Ihren Browsereinstellungen jederzeit \u00e4ndern, indem Sie die Funktion \u201ekeine Cookies akzeptieren\u201c ausw\u00e4hlen. Wir weisen Sie jedoch darauf hin, dass in diesem Fall unsere Webseite m\u00f6glicherweise nicht mehr in vollem Umfang genutzt werden kann.<\/p>\n\n\n\n<h2 class=\"wp-block-heading\">6. Auskunft, Berichtigung, Sperrung und L\u00f6schung<\/h2>\n\n\n\n<p>Sie k\u00f6nnen jederzeit unentgeltlich Auskunft \u00fcber die von Ihnen gespeicherten Daten verlangen. Gegebenenfalls haben Sie das Recht, dass die von Ihnen gespeicherten Daten berichtigt, gesperrt oder gel\u00f6scht werden. Sofern einer L\u00f6schung gesetzliche oder vertragliche Aufbewahrungspflichten entgegenstehen, werden wir die Daten sperren.<br><br>Wir werden Ihnen auf Verlangen jederzeit \u00fcber den \u00fcber Sie oder Ihr Unternehmen gespeicherten Datenbestand vollst\u00e4ndig und unentgeltlich Auskunft erteilen, Ihre Daten berichtigen, sperren oder l\u00f6schen sowie Ihre Fragen zur Erhebung, Speicherung und Nutzung Ihrer Daten gerne beantworten. Wenden Sie sich hierf\u00fcr bitte an folgende f\u00fcr Belange des Datenschutzes verantwortliche Stelle:<\/p>\n\n\n\n<p>Verantwortlicher im Sinn der DS-GVO :<br>ANTSTORE, Martin Sebesta<br>Selerweg 41<br>D-12169 Berlin<br>Tel.: 030 766 870 -51<br>Email: datenschutz (at) antstore . de<\/p>\n\n\n\n<p><br>Welche Aufsichtbeh\u00f6rde ist f\u00fcr Sie zust\u00e4ndig: Gem\u00e4\u00df Art. 77 DSGVO<\/p>\n\n\n\n<p>Berliner Beauftragte f\u00fcr Datenschutz und Informationsfreiheit (BBDI)<br>Friedrichstr. 219<br>10969 Berlin<br>030\/13889-0<br>Email: mailbox (at) datenschutz-berlin.de<br>&nbsp;<\/p>\n\n\n\n<h2 class=\"wp-block-heading\">7. Datensicherheit<\/h2>\n\n\n\n<p>Da uns die Sicherheit Ihrer Daten wichtig ist, werden Ihre pers\u00f6nlichen Daten mit einer sicheren SSL-Verbindung \u00fcbermittelt. Werden pers\u00f6nliche Daten erhoben, findet die Daten\u00fcbertragung verschl\u00fcsselt unter Verwendung des SSL-Verfahrens statt. Ihre personenbezogenen Daten werden dann verschl\u00fcsselt mittels 256-bit-SSL \u00fcber das Internet \u00fcbertragen. Mit der SSL-Verschl\u00fcsselung sch\u00fctzen wir Ihre pers\u00f6nlichen Daten vor fremdem Zugriff. SSL (Secure Socket Layer) ist ein Protokoll zur Verschl\u00fcsselung von Nachrichten im Internet, das besonders hohe Sicherheit bei der Daten\u00fcbertragung bietet.<br><br>Zudem sichern wir unsere Webseite und sonstigen Systeme durch technische und organisatorische Ma\u00dfnahmen gegen Verlust, Zerst\u00f6rung, Zugriff, Ver\u00e4nderung oder Verbreitung Ihrer Daten durch unbefugte Personen. Trotz regelm\u00e4\u00dfiger Kontrollen ist ein vollst\u00e4ndiger Schutz gegen alle Gefahren jedoch nicht m\u00f6glich.<\/p>\n\n\n\n<h2 class=\"wp-block-heading\">8. Google Analytics<\/h2>\n\n\n\n<p>Diese Website benutzt Google Analytics, einen Webanalysedienst der Google Inc. (\u201eGoogle\u201c). Google Analytics verwendet sog. \u201eCookies\u201c, Textdateien, die auf Ihrem Computer gespeichert werden und die eine Analyse der Benutzung der Website durch Sie erm\u00f6glichen.<br><br>Die durch den Cookie erzeugten Informationen \u00fcber Ihre Benutzung dieser Website werden in der Regel an einen Server von Google in den USA \u00fcbertragen und dort gespeichert. Im Falle der Aktivierung der IP-Anonymisierung auf dieser Webseite, wird Ihre IP-Adresse von Google jedoch innerhalb von Mitgliedstaaten der Europ\u00e4ischen Union oder in anderen Vertragsstaaten des Abkommens \u00fcber den Europ\u00e4ischen Wirtschaftsraum zuvor gek\u00fcrzt. Nur in Ausnahmef\u00e4llen wird die volle IP-Adresse an einen Server von Google in den USA \u00fcbertragen und dort gek\u00fcrzt. Wir weisen darauf hin, dass diese Webseite Google Analytics mit der Erweiterung \u201e_anonymizeIp()\u201c verwendet und die IP-Adressen daher nur gek\u00fcrzt verarbeitet werden, sodass eine personenbezogene Bestimmbarkeit ausgeschlossen ist.<br><br>Im Auftrag des Betreibers dieser Website wird Google diese Informationen benutzen, um Ihre Nutzung der Website auszuwerten, um Reports \u00fcber die Websiteaktivit\u00e4ten zusammenzustellen und um weitere mit der Websitenutzung und der Internetnutzung verbundene Dienstleistungen gegen\u00fcber dem Websitebetreiber zu erbringen. Die im Rahmen von Google Analytics von Ihrem Browser \u00fcbermittelte IP-Adresse wird nicht mit anderen Daten von Google zusammengef\u00fchrt. Sie k\u00f6nnen die Speicherung der Cookies durch eine entsprechende Einstellung Ihrer Browser-Software verhindern; wir weisen Sie jedoch darauf hin, dass Sie in diesem Fall gegebenenfalls nicht s\u00e4mtliche Funktionen dieser Website vollumf\u00e4nglich werden nutzen k\u00f6nnen.<br><br>Sie k\u00f6nnen dar\u00fcber hinaus die Erfassung der durch das Cookie erzeugten und auf Ihre Nutzung der Website bezogenen Daten (inkl. Ihrer IP-Adresse) an Google sowie die Verarbeitung dieser Daten durch Google verhindern, indem sie das unter dem folgenden Link verf\u00fcgbare Browser-Plugin herunterladen und installieren: <a href=\"http:\/\/tools.google.com\/dlpage\/gaoptout?hl=de\" target=\"_blank\" rel=\"noreferrer noopener\">http:\/\/tools.google.com\/dlpage\/gaoptout?hl=de<\/a>.<br><br>Sie k\u00f6nnen die Erfassung durch Google Analytics verhindern, indem Sie auf folgenden Link klicken. Es wird ein Opt-Out-Cookie gesetzt, der die zuk\u00fcnftige Erfassung Ihrer Daten beim Besuch dieser Website verhindert:<br><br><a href=\"https:\/\/www.antstore.net\/shop\/\u201djavascript:gaOptout()\u201d\">Google Analytics deaktivieren<\/a><br><br>N\u00e4here Informationen zu Nutzungsbedingungen und Datenschutz finden Sie unter&nbsp;<a href=\"http:\/\/www.google.com\/analytics\/terms\/de.html\">http:\/\/www.google.com\/analytics\/terms\/de.html<\/a>&nbsp;bzw. unter&nbsp;<a href=\"https:\/\/www.google.de\/intl\/de\/policies\/\">https:\/\/www.google.de\/intl\/de\/policies\/<\/a>. Wir weisen Sie darauf hin, dass auf dieser Website Google Analytics um den Code \u201egat._anonymizeIp();\u201c erweitert wurde, um eine anonymisierte Erfassung von IP-Adressen (sog. IP-Masking) zu gew\u00e4hrleisten.<br>&nbsp;<\/p>\n\n\n\n<h2 class=\"wp-block-heading\">9. Social-Plugins<\/h2>\n\n\n\n<p>In unsere Internet-Domain sind Social-Plugins (Programme) der externen sozialen Netzwerke Facebook, Google+, Instagram, Pinterest, YouTube und Twitter eingebunden.<br><br><strong>9.1. Facebook<\/strong><br><br>Von Facebook verwenden wir den Gef\u00e4llt mir Button. Dieses Plugin wird durch Facebook Inc., 1601 S. California Ave, Palo Alto, CA 94304, USA betrieben. Das ist durch das entsprechende Logo von Facebook erkennbar. Weitere Informationen zu den Social-Plugins von Facebook kann man unter folgender Internetadresse erhalten <a href=\"http:\/\/developers.facebook.com\/plugins\" target=\"_blank\" rel=\"noreferrer noopener\">http:\/\/developers.facebook.com\/plugins<\/a><br><br>Wenn ein Besucher eine Seite unserer Internet-Domain aufruft, welche ein solches Plugin enth\u00e4lt, wird eine Verbindung zwischen dem Browser des Besuchers und den Servern von Facebook aufgebaut. Facebook erh\u00e4lt und speichert Daten, die Facebook erlauben zu erkennen, welche Seite unserer Internetpr\u00e4senz von dem Besucher aufgerufen wurde. Dies gilt unabh\u00e4ngig davon, ob ein Facebook Plugin bet\u00e4tigt wird oder nicht. Wenn der Besucher ein Facebook Plugin bet\u00e4tigt (Anklicken des Gef\u00e4llt mir Button) werden die entsprechenden Informationen an Facebook in den USA \u00fcbertragen und dort gespeichert. Wenn der Besucher zeitgleich mit seinem pers\u00f6nlichen Facebook Account eingeloggt ist, k\u00f6nnen die weitergeleiteten Daten dem konkreten Account zugeordnet werden. Um zu verhindern, dass Facebook die gesammelten Daten Ihrem Benutzerkonto auf Facebook zuordnet, m\u00fcssen Sie sich bei Facebook ausloggen, bevor Sie unsere Internetpr\u00e4senz besuchen.<br><br>Art, Umfang, Zwecke der Erhebung, Verwendung sowie die weitere Verarbeitung und Nutzung der Daten durch Facebook sowie die Rechte und Einstellungsm\u00f6glichkeiten zum Schutz der Privatsph\u00e4re des Nutzers, k\u00f6nnen in den Datenschutzhinweisen von Facebook (<a href=\"https:\/\/www.facebook.com\/about\/privacy\" target=\"_blank\" rel=\"noreferrer noopener\">https:\/\/www.facebook.com\/about\/privacy<\/a>) nachgelesen und angepasst werden.<br><br><strong>9.2. Google+<\/strong><br><br>Von Google+ verwenden wir den Folgen-Button. Dieses Plugin wird durch Google Inc., 1600 Amphitheatre Parkway, Mountain View, CA 94043, USA betrieben. Das ist durch das entsprechende Logo von Google erkennbar. Weitere Informationen zu den Social-Plugins von Google kann man unter folgender Internetadresse erhalten <a href=\"http:\/\/www.google.com\/support\/plus\/?hl=de\" target=\"_blank\" rel=\"noreferrer noopener\">http:\/\/www.google.com\/support\/plus\/?hl=de<\/a>.<br>Wenn ein Besucher eine Seite unserer Internet-Domain aufruft, welche ein solches Plugin enth\u00e4lt, wird eine Verbindung zwischen dem Browser des Besuchers und den Servern von Google aufgebaut. Google erh\u00e4lt und speichert Daten (u.a. die IP-Adresse), die Google erlauben zu erkennen, welche Seite unserer Internetpr\u00e4senz von dem Besucher aufgerufen wurde. Dies gilt unabh\u00e4ngig davon, ob der Google+ Button aktiviert wird oder nicht. Google protokolliert beim Anzeigen einer +1-Schaltfl\u00e4che den Browserverlauf normalerweise f\u00fcr etwa zwei Wochen zu Systemwartungs- und Fehlerbehebungszwecken. Diese Daten sind nicht nach individuellen Profilen, Nutzernamen oder URLs strukturiert. Wenn der Besucher den Google+ Button bet\u00e4tigt werden die entsprechenden Informationen an Google in den USA \u00fcbertragen und dort gespeichert. Google erfasst Informationen \u00fcber das etwaige Google-Profil des Besuchers \u00fcber die empfohlene URL, IP-Adresse und andere browserbezogene Informationen. Wenn +1 zur\u00fcckgenommen wird, werden diese Informationen gel\u00f6scht. Wenn f\u00fcr etwas +1 gegeben, wird +1 im gesamten Web \u2013 im Rahmen der Google-Dienste, wie den Sucherergebnissen &#8211; \u00f6ffentlich als Hinweis neben den empfohlenen Inhalten angezeigt. Au\u00dferdem wird +1 auf dem Tab +1 des Google-Profils des Besuchers angezeigt. Die +1 sind stets \u00f6ffentlich zug\u00e4nglich. Der +1-Tab in dem entsprechenden Google-Profil ist nur f\u00fcr den konkreten Besucher sichtbar, insoweit nicht der Besucher ihn ausdr\u00fccklich ver\u00f6ffentlicht.<br>Art, Umfang, Zwecke der Erhebung, Verwendung sowie die weitere Verarbeitung und Nutzung der Daten durch Google sowie die Rechte und Einstellungsm\u00f6glichkeiten zum Schutz der Privatsph\u00e4re des Nutzers, k\u00f6nnen in den Datenschutzhinweisen von Google (<a href=\"http:\/\/www.google.com\/intl\/de\/+\/policy\/+1button.html und http:\/\/www.google.com\/support\/plus\/bin\/static.py?page=guide.cs&amp;guide=1207011&amp;answer=1319578\" target=\"_blank\" rel=\"noreferrer noopener\">http:\/\/www.google.com\/intl\/de\/+\/policy\/+1button.html und http:\/\/www.google.com\/support\/plus\/bin\/static.py?page=guide.cs&amp;guide=1207011&amp;answer=1319578<\/a>)&nbsp; nachgelesen und angepasst werden.<br><br><strong>9.3. Twitter<\/strong><br><br>Von Twitter verwenden wir den Twitter Button. Dieses Plugin wird durch Twitter Inc., 795 Folsom St., Suite 600, San Francisco, CA 94107, USA betrieben. Das ist durch das entsprechende Logo von Twitter erkennbar. Weitere Informationen zu den Social-Plugins von Twitter kann man unter folgender Internetadresse erhalten <a href=\"http:\/\/twitter.com\/about\/resources\">http:\/\/twitter.com\/about\/resources<\/a>.<br><br>Wenn ein Besucher eine Seite unserer Internet-Domain aufruft, welche ein solches Plugin enth\u00e4lt, wird eine Verbindung zwischen dem Browser des Besuchers und den Servern von Twitter aufgebaut. Twitter erh\u00e4lt und speichert Daten (u.a. die IP-Adresse), die Twitter erlauben zu erkennen, welche Seite unserer Internetpr\u00e4senz von dem Besucher aufgerufen wurde. Dies gilt unabh\u00e4ngig davon, ob ein Twitter Plugin bet\u00e4tigt wird&nbsp; oder nicht.&nbsp; Wenn der Besucher ein Twitter Plugin bet\u00e4tigt werden die entsprechenden Informationen an Twitter in den USA \u00fcbertragen und dort gespeichert. Wenn der Besucher zeitgleich mit seinem pers\u00f6nlichen Twitter Account eingeloggt ist, k\u00f6nnen die weitergeleiteten Daten dem konkreten Account zugeordnet.<br><br>Art, Umfang, Zwecke der Erhebung, Verwendung sowie die weitere Verarbeitung und Nutzung der Daten durch Twitter sowie die Rechte und Einstellungsm\u00f6glichkeiten zum Schutz der Privatsph\u00e4re des Nutzers, k\u00f6nnen in den Datenschutzhinweisen von Twitter (<a href=\"http:\/\/twitter.com\/privacy\" target=\"_blank\" rel=\"noreferrer noopener\">http:\/\/twitter.com\/privacy<\/a>) nachgelesen und angepasst werden.<br><br><strong>9.4. Pinterest<\/strong><br><br>Von Pinterest verwenden wir den \u201ePin it\u201c-Button. Dieses Plugin wird durch Pinterest, Inc., 808 Brannan St, San Francisco, CA 94103, USA betrieben. Das ist durch das entsprechende Logo von Pinterest erkennbar. Weitere Informationen zu den Social-Plugins von Pinterest kann man unter folgender Internetadresse erhalten <a href=\"http:\/\/business.pinterest.com\/de\/tools\" target=\"_blank\" rel=\"noreferrer noopener\">http:\/\/business.pinterest.com\/de\/tools<\/a>.<br><br>Wenn ein Besucher eine Seite unserer Internet-Domain aufruft, welche ein solches Plugin enth\u00e4lt, wird eine Verbindung zwischen dem Browser des Besuchers und den Servern von Pinterest aufgebaut. Pinterest erh\u00e4lt und speichert Daten (u.a. IP-Adresse, die Pinterest erlauben zu erkennen, welche Seite unserer Internetpr\u00e4senz von dem Besucher aufgerufen wurde. Dies gilt unabh\u00e4ngig davon, ob ein Pinterest Plugin bet\u00e4tigt wird oder nicht. Wenn der Besucher ein Pinterest Plugin bet\u00e4tigt (Anklicken des Pin it-Buttons) werden die entsprechenden Informationen an Pinterest in den USA \u00fcbertragen und dort gespeichert. Wenn der Besucher zeitgleich mit seinem pers\u00f6nlichen Pinterest Account eingeloggt ist, k\u00f6nnen die weitergeleiteten Daten dem konkreten Account zugeordnet werden. Um zu verhindern, dass Pinterest die gesammelten Daten Ihrem Benutzerkonto auf Pinterest zuordnet, m\u00fcssen Sie sich bei Pinterest ausloggen, bevor Sie unsere Internetpr\u00e4senz besuchen.<br><br>Art, Umfang, Zwecke der Erhebung, Verwendung sowie die weitere Verarbeitung und Nutzung der Daten durch Pinterest sowie die Rechte und Einstellungsm\u00f6glichkeiten zum Schutz der Privatsph\u00e4re des Nutzers, k\u00f6nnen in den Datenschutzhinweisen von Pinterest (<a href=\"http:\/\/pinterest.com\/about\/privacy\/\" target=\"_blank\" rel=\"noreferrer noopener\">http:\/\/pinterest.com\/about\/privacy\/<\/a>) nachgelesen und angepasst werden.<br><br><strong>9.5. Instagram<\/strong><br><br>Von Intagram verwenden wir den \u201eFollow\u201c-Button. Dieses Plugin wird durch Instagram Inc., 1601 Willow Road, Menlo Park, California 94025, USA betrieben. Das ist durch das entsprechende Logo von Instagram erkennbar.<br><br>Wenn ein Besucher eine Seite unserer Internet-Domain aufruft, welche ein solches Plugin enth\u00e4lt, wird eine Verbindung zwischen dem Browser des Besuchers und den Servern von Instagram aufgebaut. Instagram erh\u00e4lt und speichert Daten (u.a. IP-Adresse, die Instagram erlauben zu erkennen, welche Seite unserer Internetpr\u00e4senz von dem Besucher aufgerufen wurde. Dies gilt unabh\u00e4ngig davon, ob ein Instagram Plugin bet\u00e4tigt wird oder nicht. Wenn der Besucher ein Instagram Plugin bet\u00e4tigt werden die entsprechenden Informationen an Instagram in den USA \u00fcbertragen und dort gespeichert. Wenn der Besucher zeitgleich mit seinem pers\u00f6nlichen Instagram Account eingeloggt ist, k\u00f6nnen die weitergeleiteten Daten dem konkreten Account zugeordnet werden. Um zu verhindern, dass Instagram die gesammelten Daten Ihrem Benutzerkonto auf Instagram zuordnet, m\u00fcssen Sie sich bei Instagram ausloggen, bevor Sie unsere Internetpr\u00e4senz besuchen.<br><br>Art, Umfang, Zwecke der Erhebung, Verwendung sowie die weitere Verarbeitung und Nutzung der Daten durch Instagram sowie die Rechte und Einstellungsm\u00f6glichkeiten zum Schutz der Privatsph\u00e4re des Nutzers, k\u00f6nnen in den Datenschutzhinweisen von Instagram (<a href=\"https:\/\/help.instagram.com\/155833707900388\/\" target=\"_blank\" rel=\"noreferrer noopener\">https:\/\/help.instagram.com\/155833707900388\/<\/a>) nachgelesen und angepasst werden.<br><br><strong>9.6. YouTube<\/strong><br><br>Von YouTube verwenden wir den \u201eYouTube\u201c-Button. Dieses Plugin wird durch Google Inc., 1600 Amphitheatre Parkway, Mountain View, CA 94043, USA betrieben. Das ist durch das entsprechende Logo von YouTube erkennbar.<br><br>Wenn ein Besucher eine Seite unserer Internet-Domain aufruft, welche ein solches Plugin enth\u00e4lt, wird eine Verbindung zwischen dem Browser des Besuchers und den Servern von YouTube aufgebaut. YouTube erh\u00e4lt und speichert Daten (u.a. IP-Adresse, die YouTube erlauben zu erkennen, welche Seite unserer Internetpr\u00e4senz von dem Besucher aufgerufen wurde. Dies gilt unabh\u00e4ngig davon, ob ein YouTube Plugin bet\u00e4tigt wird oder nicht. Wenn der Besucher ein YouTube Plugin bet\u00e4tigt werden die entsprechenden Informationen an YouTube in den USA \u00fcbertragen und dort gespeichert. Wenn der Besucher zeitgleich mit seinem pers\u00f6nlichen YouTube Account eingeloggt ist, k\u00f6nnen die weitergeleiteten Daten dem konkreten Account zugeordnet werden. Um zu verhindern, dass YouTube die gesammelten Daten Ihrem Benutzerkonto auf YouTube zuordnet, m\u00fcssen Sie sich bei YouTube ausloggen, bevor Sie unsere Internetpr\u00e4senz besuchen.<br><br>Art, Umfang, Zwecke der Erhebung, Verwendung sowie die weitere Verarbeitung und Nutzung der Daten durch YouTube sowie die Rechte und Einstellungsm\u00f6glichkeiten zum Schutz der Privatsph\u00e4re des Nutzers, k\u00f6nnen in den Datenschutzhinweisen von YouTube (<a href=\"https:\/\/www.google.de\/intl\/de\/policies\/privacy\/\" target=\"_blank\" rel=\"noreferrer noopener\">https:\/\/www.google.de\/intl\/de\/policies\/privacy\/<\/a>) nachgelesen und angepasst werden.<br><br><strong>9.7. 2-Klick-L\u00f6sung<\/strong><br><br>Da auch ohne Interaktion mit den oben genannten Social-Plugins bereits personenbezogene Daten \u00fcbertragen werden, haben wir f\u00fcr die Social-Plugins eine zweistufige L\u00f6sung implementiert.<br><br>Auf der ersten Stufe werden keine Daten an die Betreiber weitergeleitet. Bevor das Plugin aktiviert wird, wird der Besucher zun\u00e4chst \u00fcber folgendes informiert und um seine Einwilligung gebeten:<br><br><strong>Einwilligungserkl\u00e4rung Beginn<\/strong><br><br>\u201eSocial-Media Buttons sind standardm\u00e4\u00dfig deaktiviert. Diese werden erst aktiviert, wenn Sie einer Daten\u00fcbertragung an die jeweiligen Betreiber zustimmen. Deshalb klicken Sie bitte erst den Button, wenn Sie einverstanden sind. Bereits beim Aktivieren werden Daten \u00fcbertragen. Sie k\u00f6nnen den Button auch dauerhaft aktivieren. Dazu setzen Sie unter dem Zahnrad-Icon das passende H\u00e4kchen. Ihre Entscheidung wird mittels eines Cookies gespeichert. Sie k\u00f6nnen jederzeit den Cookie von Hand l\u00f6schen oder Ihre Einwilligung \u00fcber das Zahnrad-Icon widerrufen. Bitte beachten Sie dar\u00fcber hinaus unsere Datenschutzerkl\u00e4rung, welche Sie durch einen Klick auf das \u201ei\u201c erreichen.\u201c<br><br><strong>Einwilligungserkl\u00e4rung Ende<\/strong><br><br>Erst nach Aktivierung des Plugins und Zustimmung hierzu wird bei Aufruf einer Seite unserer Internet-Domain, welche ein solches Plugin enth\u00e4lt, eine Verbindung zwischen dem Browser des Besuchers und den Servern der Betreiber aufgebaut.<\/p>\n","protected":false},"excerpt":{"rendered":"<p>Wir nehmen die Belange des Datenschutzes sehr ernst und m\u00f6chten sicherstellen, dass Ihre Privatsph\u00e4re bei der Nutzung unserer Angebote jederzeit gesch\u00fctzt wird. In der folgenden Datenschutzerkl\u00e4rung m\u00f6chten wir Ihnen daher erl\u00e4utern, wie mit Ihren Daten umgegangen wird.&nbsp; 1. Zugriffsdaten ohne &hellip;<\/p>\n<p class=\"read-more\"> <a class=\"more-link\" href=\"https:\/\/ants.de\/info\/datenschutzerklarung\/\"> <span class=\"screen-reader-text\">Datenschutzerkl\u00e4rung<\/span> Read More &raquo;<\/a><\/p>\n","protected":false},"author":1,"featured_media":0,"parent":0,"menu_order":0,"comment_status":"closed","ping_status":"closed","template":"","meta":{"footnotes":""},"class_list":["post-36","page","type-page","status-publish","hentry"],"_links":{"self":[{"href":"https:\/\/ants.de\/info\/wp-json\/wp\/v2\/pages\/36","targetHints":{"allow":["GET"]}}],"collection":[{"href":"https:\/\/ants.de\/info\/wp-json\/wp\/v2\/pages"}],"about":[{"href":"https:\/\/ants.de\/info\/wp-json\/wp\/v2\/types\/page"}],"author":[{"embeddable":true,"href":"https:\/\/ants.de\/info\/wp-json\/wp\/v2\/users\/1"}],"replies":[{"embeddable":true,"href":"https:\/\/ants.de\/info\/wp-json\/wp\/v2\/comments?post=36"}],"version-history":[{"count":1,"href":"https:\/\/ants.de\/info\/wp-json\/wp\/v2\/pages\/36\/revisions"}],"predecessor-version":[{"id":41,"href":"https:\/\/ants.de\/info\/wp-json\/wp\/v2\/pages\/36\/revisions\/41"}],"wp:attachment":[{"href":"https:\/\/ants.de\/info\/wp-json\/wp\/v2\/media?parent=36"}],"curies":[{"name":"wp","href":"https:\/\/api.w.org\/{rel}","templated":true}]}}